{"id":30726,"date":"2023-06-23T18:08:28","date_gmt":"2023-06-23T18:08:28","guid":{"rendered":"https:\/\/lawestmi.org\/?page_id=30726"},"modified":"2025-09-11T14:07:30","modified_gmt":"2025-09-11T14:07:30","slug":"conoce-nuestra-junta-directiva","status":"publish","type":"page","link":"https:\/\/lawestmi.org\/es\/conoce-nuestra-junta-directiva\/","title":{"rendered":"Conoce nuestra Junta Directiva"},"content":{"rendered":"<p>Nuestra Junta Directiva refleja la diversidad que se encuentra dentro de nuestras profesiones legales y comerciales, comunidades de clientes y en todo el oeste de Michigan. Los miembros de la junta viven y trabajan en toda nuestra \u00e1rea de servicio. Los miembros comunitarios de la junta se aseguran de que las comunidades de clientes tengan una voz fuerte para guiar nuestras operaciones. Y los miembros de la junta de la profesi\u00f3n legal incluyen asesores corporativos, abogados de bufetes de abogados de todos los tama\u00f1os, un juez jubilado y otros funcionarios gubernamentales. Nuestra junta directiva cuenta con un Comit\u00e9 de Finanzas presidido por el Tesorero. Las funciones del Comit\u00e9 de Finanzas se describen en <a href=\"https:\/\/lawestmi.org\/wp-content\/uploads\/2025\/07\/2025-4-23-Finance-Committee-Resolution-signed.pdf\">esta resoluci\u00f3n<\/a>.<\/p>\n<h5>Oficiales<\/h5>\n<p>Christian E. Meyer, presidente<br \/>\nWarner Norcross + Judd LLP<\/p>\n<p>Michael Campbell<br \/>\nBarnes &amp; Thornburg LLP, vicepresidente<\/p>\n<p>Cindy VanderKodde, secretaria<br \/>\nMiembra comunitaria de la junta<\/p>\n<p>Hannah Earl, CPA, tesorero<br \/>\nBDO USA, LLP<\/p>\n<h5>Directores<\/h5>\n<p>Alvin Bacon, Jr.<br \/>\nMiembro comunitario de la junta<\/p>\n<p>Jim Boerigter<br \/>\nKreis Enderle<\/p>\n<p>Jim Brunner<br \/>\nAbogado jubilado<\/p>\n<p>Tracey W. Brame<br \/>\nWestern Michigan University Cooley Law School<\/p>\n<p>Caressa Bryant<br \/>\nMiembra comunitaria de la junta<\/p>\n<p>Mike Callahan,<br \/>\nStiles Machinery, Inc.<\/p>\n<p>Angelique Camfield<br \/>\nSt. Joseph County Prosecutor&#8217;s Office<\/p>\n<p>Richard Cherry<br \/>\nMiller Johnson, P.L.C.<\/p>\n<p>Hon. Susan Dobrich<br \/>\nRetired Probate Judge<\/p>\n<p>Konjoh Konjoh<br \/>\nMiembra comunitaria de la junta<\/p>\n<p>Damien W. Sanchez<br \/>\nWheeler Upham, P.C.<\/p>\n<p>Jacqualine Schafer, CPA<br \/>\nNorthern Trust<\/p>\n<p>Angela Zuniga<br \/>\nMiembro comunitario de la junta<\/p>\n<p>&nbsp;<\/p>\n<p>&nbsp;<\/p>\n","protected":false},"excerpt":{"rendered":"<p>Nuestra Junta Directiva refleja la diversidad que se encuentra dentro de nuestras profesiones legales y&#8230;<\/p>\n","protected":false},"author":368,"featured_media":0,"parent":0,"menu_order":0,"comment_status":"closed","ping_status":"closed","template":"","meta":{"footnotes":""},"class_list":["post-30726","page","type-page","status-publish","hentry"],"yoast_head":"<!-- This site is optimized with the Yoast SEO plugin v27.2 - https:\/\/yoast.com\/product\/yoast-seo-wordpress\/ -->\n<title>Conoce nuestra Junta Directiva - Legal Aid<\/title>\n<meta name=\"robots\" content=\"index, follow, max-snippet:-1, max-image-preview:large, max-video-preview:-1\" \/>\n<link rel=\"canonical\" href=\"https:\/\/lawestmi.org\/es\/conoce-nuestra-junta-directiva\/\" \/>\n<meta property=\"og:locale\" content=\"es_ES\" \/>\n<meta property=\"og:type\" content=\"article\" \/>\n<meta property=\"og:title\" content=\"Conoce nuestra Junta Directiva - Legal Aid\" \/>\n<meta property=\"og:description\" content=\"Nuestra Junta Directiva refleja la diversidad que se encuentra dentro de nuestras profesiones legales y...\" \/>\n<meta property=\"og:url\" content=\"https:\/\/lawestmi.org\/es\/conoce-nuestra-junta-directiva\/\" \/>\n<meta property=\"og:site_name\" content=\"Legal Aid\" \/>\n<meta property=\"article:modified_time\" content=\"2025-09-11T14:07:30+00:00\" \/>\n<meta name=\"twitter:card\" content=\"summary_large_image\" \/>\n<meta name=\"twitter:label1\" content=\"Tiempo de lectura\" \/>\n\t<meta name=\"twitter:data1\" content=\"1 minuto\" \/>\n<script type=\"application\/ld+json\" class=\"yoast-schema-graph\">{\"@context\":\"https:\/\/schema.org\",\"@graph\":[{\"@type\":\"WebPage\",\"@id\":\"https:\/\/lawestmi.org\/es\/conoce-nuestra-junta-directiva\/\",\"url\":\"https:\/\/lawestmi.org\/es\/conoce-nuestra-junta-directiva\/\",\"name\":\"Conoce nuestra Junta Directiva - Legal Aid\",\"isPartOf\":{\"@id\":\"https:\/\/lawestmi.org\/es\/#website\"},\"datePublished\":\"2023-06-23T18:08:28+00:00\",\"dateModified\":\"2025-09-11T14:07:30+00:00\",\"inLanguage\":\"es\",\"potentialAction\":[{\"@type\":\"ReadAction\",\"target\":[\"https:\/\/lawestmi.org\/es\/conoce-nuestra-junta-directiva\/\"]}]},{\"@type\":\"WebSite\",\"@id\":\"https:\/\/lawestmi.org\/es\/#website\",\"url\":\"https:\/\/lawestmi.org\/es\/\",\"name\":\"Legal Aid\",\"description\":\"LEGAL AID OF WESTERN MICHIGAN\",\"potentialAction\":[{\"@type\":\"SearchAction\",\"target\":{\"@type\":\"EntryPoint\",\"urlTemplate\":\"https:\/\/lawestmi.org\/es\/?s={search_term_string}\"},\"query-input\":{\"@type\":\"PropertyValueSpecification\",\"valueRequired\":true,\"valueName\":\"search_term_string\"}}],\"inLanguage\":\"es\"}]}<\/script>\n<!-- \/ Yoast SEO plugin. -->","yoast_head_json":{"title":"Conoce nuestra Junta Directiva - Legal Aid","robots":{"index":"index","follow":"follow","max-snippet":"max-snippet:-1","max-image-preview":"max-image-preview:large","max-video-preview":"max-video-preview:-1"},"canonical":"https:\/\/lawestmi.org\/es\/conoce-nuestra-junta-directiva\/","og_locale":"es_ES","og_type":"article","og_title":"Conoce nuestra Junta Directiva - Legal Aid","og_description":"Nuestra Junta Directiva refleja la diversidad que se encuentra dentro de nuestras profesiones legales y...","og_url":"https:\/\/lawestmi.org\/es\/conoce-nuestra-junta-directiva\/","og_site_name":"Legal Aid","article_modified_time":"2025-09-11T14:07:30+00:00","twitter_card":"summary_large_image","twitter_misc":{"Tiempo de lectura":"1 minuto"},"schema":{"@context":"https:\/\/schema.org","@graph":[{"@type":"WebPage","@id":"https:\/\/lawestmi.org\/es\/conoce-nuestra-junta-directiva\/","url":"https:\/\/lawestmi.org\/es\/conoce-nuestra-junta-directiva\/","name":"Conoce nuestra Junta Directiva - Legal Aid","isPartOf":{"@id":"https:\/\/lawestmi.org\/es\/#website"},"datePublished":"2023-06-23T18:08:28+00:00","dateModified":"2025-09-11T14:07:30+00:00","inLanguage":"es","potentialAction":[{"@type":"ReadAction","target":["https:\/\/lawestmi.org\/es\/conoce-nuestra-junta-directiva\/"]}]},{"@type":"WebSite","@id":"https:\/\/lawestmi.org\/es\/#website","url":"https:\/\/lawestmi.org\/es\/","name":"Legal Aid","description":"LEGAL AID OF WESTERN MICHIGAN","potentialAction":[{"@type":"SearchAction","target":{"@type":"EntryPoint","urlTemplate":"https:\/\/lawestmi.org\/es\/?s={search_term_string}"},"query-input":{"@type":"PropertyValueSpecification","valueRequired":true,"valueName":"search_term_string"}}],"inLanguage":"es"}]}},"_links":{"self":[{"href":"https:\/\/lawestmi.org\/es\/wp-json\/wp\/v2\/pages\/30726","targetHints":{"allow":["GET"]}}],"collection":[{"href":"https:\/\/lawestmi.org\/es\/wp-json\/wp\/v2\/pages"}],"about":[{"href":"https:\/\/lawestmi.org\/es\/wp-json\/wp\/v2\/types\/page"}],"author":[{"embeddable":true,"href":"https:\/\/lawestmi.org\/es\/wp-json\/wp\/v2\/users\/368"}],"replies":[{"embeddable":true,"href":"https:\/\/lawestmi.org\/es\/wp-json\/wp\/v2\/comments?post=30726"}],"version-history":[{"count":12,"href":"https:\/\/lawestmi.org\/es\/wp-json\/wp\/v2\/pages\/30726\/revisions"}],"predecessor-version":[{"id":31997,"href":"https:\/\/lawestmi.org\/es\/wp-json\/wp\/v2\/pages\/30726\/revisions\/31997"}],"wp:attachment":[{"href":"https:\/\/lawestmi.org\/es\/wp-json\/wp\/v2\/media?parent=30726"}],"curies":[{"name":"wp","href":"https:\/\/api.w.org\/{rel}","templated":true}]}}