{"id":2673,"date":"2020-05-28T10:46:08","date_gmt":"2020-05-28T10:46:08","guid":{"rendered":"https:\/\/646871f226.nxcli.net\/public-benefits\/"},"modified":"2020-11-12T16:02:08","modified_gmt":"2020-11-12T16:02:08","slug":"public-benefits","status":"publish","type":"page","link":"https:\/\/lawestmi.org\/es\/public-benefits\/","title":{"rendered":"Los Beneficios P\u00fablicos"},"content":{"rendered":"\r\n<p><strong><u>MDHHS<\/u><\/strong><\/p>\r\n\r\n\r\n\r\n<ul class=\"wp-block-list\">\r\n<li><a href=\"#1\">\u00bfC\u00f3mo contacto el Departamento de la Salud y los Servicios Humanos (DHHS) durante el pand\u00e9mico de COVID-19?<\/a><\/li>\r\n<li><a href=\"#2\">\u00bfC\u00f3mo ocurrir\u00e1n las audiencias de DHHS durante la orden de quedarse en casa?<\/a><\/li>\r\n<\/ul>\r\n\r\n\r\n\r\n<p><strong><u>Medicaid<\/u><\/strong><\/p>\r\n\r\n\r\n\r\n<ul class=\"wp-block-list\">\r\n<li><a href=\"#3\">\u00bfLos beneficios de Medicaid puede parar durante el pand\u00e9mico de COVID-19?<\/a><\/li>\r\n<li><a href=\"#4\">Yo tengo la cobertura de salud a trav\u00e9s del Healthy Michigan Plan (HMP), pero recientemente perd\u00ed mi trabajo. \u00bfHay requisitos de trabajar para mantener la cobertura de HMP?<\/a><\/li>\r\n<\/ul>\r\n\r\n\r\n\r\n<p><strong><u>El Apoyo de Comida (FAP o SNAP)<\/u><\/strong><\/p>\r\n\r\n\r\n\r\n<ul class=\"wp-block-list\">\r\n<li><a href=\"#5\">No estuve recibiendo el apoyo de comido (FAP\/SNAP), pero ahora he perdido mi trabajo. \u00bfDebo aplicar por el apoyo de comida?<\/a><\/li>\r\n<li><a href=\"#6\">Ya recibo el apoyo de comida, pero mi ingreso recientemente ha disminuido. \u00bfPuedo recibir beneficios adicionales?<\/a><\/li>\r\n<li><a href=\"#7\">Perd\u00ed mi trabajo y no he podido buscar un trabajo nuevo por la orden de quedarse en casa. \u00bfTodav\u00eda puedo recibir los vales de comida?<\/a><\/li>\r\n<li><a href=\"#11\">Soy un estudiante de la universidad, pero ahora estoy en casa porque mi universidad cerr\u00f3 por el pand\u00e9mico. \u00bfEstoy elegible por el apoyo de comida (FAP\/SNAP)?<\/a><\/li>\r\n<\/ul>\r\n\r\n\r\n\r\n<p><strong><u>El Apoyo de Dinero (FIP)<\/u><\/strong><\/p>\r\n\r\n\r\n\r\n<ul class=\"wp-block-list\">\r\n<li><a href=\"#12\">He parado buscando un trabajo por la orden de quedarse en casa. \u00bfVoy a perder el apoyo de dinero (FIP) porque no sigui\u00f3 las reglas de trabajar?<\/a><\/li>\r\n<\/ul>\r\n\r\n\r\n\r\n<p><strong><u>La Ayuda Emergencia del Estado (SER)<\/u><\/strong><\/p>\r\n\r\n\r\n\r\n<p><a name=\"1\"><\/a><\/p>\r\n<ul>\r\n<li><a href=\"#13\">Recib\u00ed la SER m\u00e1s temprano en este a\u00f1o para ayudarme a pagar una cuenta de las utilidades. Ahora he perdido mi trabajo y no puedo pagar las cuentas. \u00bfPuedo aplicar otra vez por la SER?\u00a0<\/a><\/li>\r\n<li><a href=\"#14\">Aplique por la SER antes del COVID-19 y estaba negado porque no estaba elegible. \u00bfPuedo aplicar otra vez ahora?<\/a><\/li>\r\n<\/ul>\r\n\r\n\r\n\r\n<p><strong><u>MDHHS<\/u><\/strong><\/p>\r\n\r\n\r\n\r\n<p><strong>\u00bfC\u00f3mo contacto el Departamento de la Salud y los Servicios Humanos (DHHS) durante el pand\u00e9mico de COVID-19?<\/strong> &#8211; <a href=\"\u201d#\u201d\">Back to Top<\/a><\/p>\r\n\r\n\r\n\r\n<p>El DHHS administra los programas del apoyo p\u00fablico. Las oficinas del DHHS est\u00e1n cerradas al publico por la emergencia de la salud p\u00fablico, pero todav\u00eda puede recibir los beneficios. Puede aplicar por los beneficios a trav\u00e9s del portal MI Bridges en l\u00ednea. Tambi\u00e9n puede entregar su papeleo, revisar sus beneficios o reportar algunos cambios a trav\u00e9s del portal. Si DHHS necesita entrevistarle, lo har\u00e1 por tel\u00e9fono <a name=\"2\"><\/a>en vez de en persona. Y por los beneficios que requieren su firma, DHHS aceptar\u00e1 una firma verbal despu\u00e9s de hablar con usted por tel\u00e9fono.<\/p>\r\n\r\n\r\n\r\n<p>Si no puede usar el portal MI Bridges, contacte su asistente social (si lo tiene) o su oficina local. Es posible que tendr\u00e1 que esperar bastante tiempo para hablar por tel\u00e9fono durante este periodo por el gran n\u00famero de llamadas.<\/p>\r\n\r\n\r\n\r\n<p><strong>\u00bfC\u00f3mo ocurrir\u00e1n las audiencias de DHHS durante la orden de quedarse en casa?<\/strong> &#8211; <a href=\"\u201d#\u201d\">Back to Top<\/a><\/p>\r\n\r\n\r\n\r\n<p>La Gobernadora Whitmer emiti\u00f3 una orden ejecutiva que permite las <a name=\"3\"><\/a>audiencias administrativas a ocurrir por tel\u00e9fono o conferencia de video. Si prefiere una audiencia en persona, mire a su noticia de audiencia por un n\u00famero que puede llamara para pedirla. Pidiendo una audiencia en persona puede retrasar el proceso.<\/p>\r\n\r\n\r\n\r\n<p><strong><u>Medicaid<\/u><\/strong><\/p>\r\n\r\n\r\n\r\n<p><strong>\u00bfLos beneficios de Medicaid puede parar durante el pand\u00e9mico de COVID-19?<\/strong> &#8211; <a href=\"\u201d#\u201d\">Back to Top<\/a><\/p>\r\n\r\n\r\n\r\n<p>No pueden terminar los beneficios de Medicaid mientras Michigan est\u00e1 en un estado de emergencia. Los beneficios de Medicaid pueden parar en el primer d\u00eda del mes despu\u00e9s del fin del estado de emergencia de Michigan. Actualmente, el estado de emergencia continua hasta el 28 de mayo 2020. La cobertura de Medicaid puede cerrar si el recipiente se muda fuera de Michigan, pide el cierre de la cobertura o muere.<\/p>\r\n\r\n\r\n\r\n<p>Esta regla que los beneficios no pueden estar parados durante el estado de emergencia aplica a Medicaid, MIChild, Healthy Michigan Plan (HMP) y a las personas que tienen la cobertura activa despu\u00e9s de satisfagan una franquicia. Una franquicia est\u00e1 la cantidad de las cuestas <a name=\"4\"><\/a>de su asistencia m\u00e9dica para que est\u00e1 responsable antes de empiecen los beneficios. Por ejemplo, si tiene una franquicia de $100, est\u00e1 responsable para el primer $100 de las cuestas de su asistencia m\u00e9dica antes que se empiecen sus beneficios. Alguien quien tiene una franquicia y la satisfaga durante el estado de emergencia en Michigan quedar\u00e1 cubierto hasta el fin del estado de emergencia.<\/p>\r\n\r\n\r\n\r\n<p><strong>Yo tengo la cobertura de salud a trav\u00e9s del Healthy Michigan Plan (HMP), pero recientemente perd\u00ed mi trabajo. \u00bfHay requisitos de trabajar para mantener la cobertura de HMP?<\/strong> &#8211; <a href=\"\u201d#\u201d\">Back to Top<\/a><\/p>\r\n\r\n\r\n\r\n<p>No ahora. La asamblea legislativa aprob\u00f3 una ley que habr\u00eda impuesto <a name=\"5\"><\/a>requisitos de trabajar para las personas en HMP. En marzo, sin embargo, una juez par\u00f3 esta ley de estar ejecutada. La decisi\u00f3n por la juez estar\u00e1 revisada por un corte de apelaciones, pero por ahora, los requisitos de trabajar por las personas en HMP no estar\u00e1n ejecutados.<\/p>\r\n\r\n\r\n\r\n<p><strong><u>El Apoyo de Comida (FAP o SNAP)<\/u><\/strong><\/p>\r\n\r\n\r\n\r\n<p><strong>No estuve recibiendo el apoyo de comido (FAP\/SNAP), pero ahora he perdido mi trabajo. \u00bfDebo aplicar por el apoyo de comida?<\/strong> &#8211; <a href=\"\u201d#\u201d\">Back to Top<\/a><\/p>\r\n\r\n\r\n\r\n<p>S\u00ed. Si tiene ingreso perdido y piensa que ahora est\u00e1 elegible por el <a name=\"6\"><\/a>apoyo de comida, debe aplicar a trav\u00e9s de el sitio web de MI Bridges. Basa la elegibilidad para el apoyo de comida en la situaci\u00f3n financiero de todas las personas en su hogar. Todas las personas quienes viven juntas y compran\/preparan la comida juntas est\u00e1n consideradas como un miembro del mismo hogar. Despu\u00e9s de aplica, DHHS revisar\u00e1 los gastos, los activos y los ingresos de su hogar para determinar si est\u00e1 elegible para los beneficios.<\/p>\r\n\r\n\r\n\r\n<p><strong>Ya recibo el apoyo de comida, pero mi ingreso recientemente ha disminuido. \u00bfPuedo recibir beneficios adicionales?<\/strong> &#8211; <a href=\"\u201d#\u201d\">Back to Top<\/a><\/p>\r\n\r\n\r\n\r\n<p>Tal vez. En marzo, Michigan aplic\u00f3 por una exenci\u00f3n que permiti\u00f3 muchos hogares que estaban recibiendo el apoyo de comida (FAP) a recibir una \u201cdistribuci\u00f3n emergencia\u201d (EA) por marzo y abril de 2020. Para ayudar los hogares que no ya est\u00e1n recibiendo el m\u00e1ximo apoyo de comida para el tama\u00f1o de su familia, la EA autom\u00e1ticamente aumenta los beneficios de los hogares a la cantidad m\u00e1xima. Los hogares que ya est\u00e1n recibiendo los beneficios m\u00e1ximos no recibir\u00e1n una aumenta en su apoyo de comida. Recientemente, el Departamento de Agricultura de los Estados Unidos (USDA) aprob\u00f3 una extensi\u00f3n de esta distribuci\u00f3n emergencia. Las personas quienes est\u00e1n recibiendo el apoyo de comida debe continuar a recibir los beneficios m\u00e1ximos por el tama\u00f1o de su familia por lo menos hasta el fin de noviembre. Cuando la asignaci\u00f3n emergencia termina, si su ingreso est\u00e1 menos que cuando aplic\u00f3 por el apoyo de comida, debe contactar su asistente social.<\/p>\r\n\r\n\r\n\r\n<p>Aqu\u00ed est\u00e1n las cantidades m\u00e1ximas de los Vales de Comida:<\/p>\r\n\r\n\r\n\r\n<ul class=\"wp-block-list\">\r\n<li>$194 para un hogar de una persona<\/li>\r\n<li>$355 para un hogar de dos personas<\/li>\r\n<li>$509 para un hogar de tres personas<\/li>\r\n<li>$646 para un hogar de cuatro personas<\/li>\r\n<li><a name=\"7\"><\/a>$768 para un hogar de cinco personas<\/li>\r\n<li>$921 para un hogar de seis personas<\/li>\r\n<li>$1,018 para un hogar de siete personas<\/li>\r\n<li>$1,164 para un hogar de ocho personas<\/li>\r\n<\/ul>\r\n\r\n\r\n\r\n<p><strong>Perd\u00ed mi trabajo y no he podido buscar un trabajo nuevo por la orden de quedarse en casa. \u00bfTodav\u00eda puedo recibir los vales de comida?<\/strong> &#8211; <a href=\"\u201d#\u201d\">Back to Top<\/a><\/p>\r\n\r\n\r\n\r\n<p><a name=\"8\"><\/a><\/p>\r\n<p>S\u00ed. <a name=\"11\"><\/a>Una ley nueva ha parado todos los requisitos de trabajar y formaci\u00f3n para los beneficios del apoyo de comida hasta termina la crisis de la salud p\u00fablico. Debe notificar DHHS si ha perdido su trabajo o ha recibido menos horas. Sin embargo, DHHS no ejecutar\u00e1 los requisitos de trabajo para los Adultos Sanos sin Dependientes (ABAWD) durante la emergencia del coronavirus.<\/p>\r\n\r\n\r\n\r\n<p>&nbsp;<\/p>\r\n\r\n\r\n\r\n<p><strong>Soy un estudiante universitario, pero ahora estoy en casa porque mi universidad cerr\u00f3 por el pand\u00e9mico. \u00bfEstoy elegible por el apoyo de comida (FAP\/SNAP)?<\/strong> &#8211; <a href=\"\u201d#\u201d\">Back to Top<\/a><\/p>\r\n\r\n\r\n\r\n<p>Tal vez. Aunque los estudiantes universitarios no t\u00edpicamente cualifican para el apoyo de comida, DHHS ha expandido la elegibilidad para unos estudiantes universitarios. Los estudiantes quienes est\u00e1n matriculados por lo menos medio tiempo en un programa ocupacional que <a name=\"12\"><\/a>est\u00e1 parte del <a href=\"https:\/\/www.michigan.gov\/documents\/leo\/WD_Program_Overviews_2020_Perkins_Postsecondary_Career__Technical_Education_683424_7.pdf\">programa de Perkins Postsecondary CTE<\/a> ahora pueden estar elegible para el apoyo de comida. Tiene que satisfacer el ingreso y los otros requisitos del apoyo de comida, pero no mostrar\u00e1 que trabaja 20 horas por semana o tiene una raz\u00f3n buena para no trabajar.<\/p>\r\n\r\n\r\n\r\n<p><strong><u>El Apoyo de Dinero (FIP)<\/u><\/strong><\/p>\r\n\r\n\r\n\r\n<p><strong>He parado buscando un trabajo por la orden de quedarse en<a name=\"13\"><\/a>casa. \u00bfVoy a perder el apoyo de dinero (FIP) porque no sigui\u00f3 las reglas de trabajar?<\/strong> &#8211; <a href=\"\u201d#\u201d\">Back to Top<\/a><\/p>\r\n\r\n\r\n\r\n<p>No. DHHS ha parado temporalmente ejecutando el requisito que las personas quienes reciben apoyo de dinero siguen las reglas del programa de participaci\u00f3n en trabajo (PATH).<\/p>\r\n\r\n\r\n\r\n<p><strong><u>La Ayuda Emergencia del Estado (SER)<\/u><\/strong><\/p>\r\n\r\n\r\n\r\n<p><strong>Recib\u00ed la SER m\u00e1s temprano en este a\u00f1o para ayudarme a pagar una cuenta de las utilidades. Ahora he perdido mi trabajo y no puedo pagar las cuentas. \u00bfPuedo aplicar otra vez por la SER?\u00a0<\/strong> &#8211; <a href=\"\u201d#\u201d\">Back to Top<\/a><\/p>\r\n\r\n\r\n\r\n<p>Tal vez. La SER provee ayuda las personas quienes necesitan el apoyo <a name=\"14\"><\/a>emergencia, incluyendo dinero para parar un desalojo o una corta de las utilidades. La SER apoyo de la energ\u00eda estaba limitada a un pago por a\u00f1o fiscal. Ahora esta regla ha cambiado, as\u00ed que es posible que la SER est\u00e9 disponible para m\u00e1s que un pago por utilidades en un a\u00f1o. Sin embargo, la cantidad de dinero que puede recibir todav\u00eda est\u00e1 limitada a $1,200 por propano y petr\u00f3leo y $850 por todas otras las tipas de energ\u00eda.<\/p>\r\n\r\n\r\n\r\n<p><strong>Aplique por la SER antes del COVID-19 y estaba negado porque no estaba elegible. \u00bfPuedo aplicar otra vez ahora?<\/strong> &#8211; <a href=\"\u201d#\u201d\">Back to Top<\/a><\/p>\r\n\r\n\r\n\r\n<p>S\u00ed. Los requisitos de la elegibilidad han cambiados para permitir m\u00e1s personas a recibir la SER. Por ejemplo, ahora puede aplicar si tiene activos sin dinero hasta $15,000 adem\u00e1s de activos dineros hasta $15,000. Tambi\u00e9n, hasta nuevo aviso MDHHS no har\u00e1 una determinaci\u00f3n d\u00e9ficit por los servicios de energ\u00eda o utilidades. Esta significa que la cantidad de su pago obligatorio por la electricidad, el calor, el agua y la alcantarilla es $0.<\/p>\r\n","protected":false},"excerpt":{"rendered":"<p>MDHHS \u00bfC\u00f3mo contacto el Departamento de la Salud y los Servicios Humanos (DHHS) durante el&#8230;<\/p>\n","protected":false},"author":4,"featured_media":2663,"parent":0,"menu_order":0,"comment_status":"closed","ping_status":"closed","template":"","meta":{"footnotes":""},"class_list":["post-2673","page","type-page","status-publish","has-post-thumbnail","hentry"],"yoast_head":"<!-- This site is optimized with the Yoast SEO plugin v27.4 - https:\/\/yoast.com\/product\/yoast-seo-wordpress\/ -->\n<title>Los Beneficios P\u00fablicos - Legal Aid<\/title>\n<meta name=\"robots\" content=\"index, follow, max-snippet:-1, max-image-preview:large, max-video-preview:-1\" \/>\n<link rel=\"canonical\" href=\"https:\/\/lawestmi.org\/es\/public-benefits\/\" \/>\n<meta property=\"og:locale\" content=\"es_ES\" \/>\n<meta property=\"og:type\" content=\"article\" \/>\n<meta property=\"og:title\" content=\"Los Beneficios P\u00fablicos - Legal Aid\" \/>\n<meta property=\"og:description\" content=\"MDHHS \u00bfC\u00f3mo contacto el Departamento de la Salud y los Servicios Humanos (DHHS) durante el...\" \/>\n<meta property=\"og:url\" content=\"https:\/\/lawestmi.org\/es\/public-benefits\/\" \/>\n<meta property=\"og:site_name\" content=\"Legal Aid\" \/>\n<meta property=\"article:modified_time\" content=\"2020-11-12T16:02:08+00:00\" \/>\n<meta property=\"og:image\" content=\"https:\/\/lawestmi.org\/wp-content\/uploads\/2020\/05\/Canva-Woman-Wearing-Red-Top-Holding-Silver-Macbook-1024x683.jpg\" \/>\n\t<meta property=\"og:image:width\" content=\"1024\" \/>\n\t<meta property=\"og:image:height\" content=\"683\" \/>\n\t<meta property=\"og:image:type\" content=\"image\/jpeg\" \/>\n<meta name=\"twitter:card\" content=\"summary_large_image\" \/>\n<meta name=\"twitter:label1\" content=\"Tiempo de lectura\" \/>\n\t<meta name=\"twitter:data1\" content=\"8 minutos\" \/>\n<script type=\"application\/ld+json\" class=\"yoast-schema-graph\">{\"@context\":\"https:\\\/\\\/schema.org\",\"@graph\":[{\"@type\":\"WebPage\",\"@id\":\"https:\\\/\\\/lawestmi.org\\\/es\\\/public-benefits\\\/\",\"url\":\"https:\\\/\\\/lawestmi.org\\\/es\\\/public-benefits\\\/\",\"name\":\"Los Beneficios P\u00fablicos - Legal Aid\",\"isPartOf\":{\"@id\":\"https:\\\/\\\/lawestmi.org\\\/es\\\/#website\"},\"primaryImageOfPage\":{\"@id\":\"https:\\\/\\\/lawestmi.org\\\/es\\\/public-benefits\\\/#primaryimage\"},\"image\":{\"@id\":\"https:\\\/\\\/lawestmi.org\\\/es\\\/public-benefits\\\/#primaryimage\"},\"thumbnailUrl\":\"https:\\\/\\\/lawestmi.org\\\/wp-content\\\/uploads\\\/2020\\\/05\\\/Canva-Woman-Wearing-Red-Top-Holding-Silver-Macbook.jpg\",\"datePublished\":\"2020-05-28T10:46:08+00:00\",\"dateModified\":\"2020-11-12T16:02:08+00:00\",\"inLanguage\":\"es\",\"potentialAction\":[{\"@type\":\"ReadAction\",\"target\":[\"https:\\\/\\\/lawestmi.org\\\/es\\\/public-benefits\\\/\"]}]},{\"@type\":\"ImageObject\",\"inLanguage\":\"es\",\"@id\":\"https:\\\/\\\/lawestmi.org\\\/es\\\/public-benefits\\\/#primaryimage\",\"url\":\"https:\\\/\\\/lawestmi.org\\\/wp-content\\\/uploads\\\/2020\\\/05\\\/Canva-Woman-Wearing-Red-Top-Holding-Silver-Macbook.jpg\",\"contentUrl\":\"https:\\\/\\\/lawestmi.org\\\/wp-content\\\/uploads\\\/2020\\\/05\\\/Canva-Woman-Wearing-Red-Top-Holding-Silver-Macbook.jpg\",\"width\":2560,\"height\":1707},{\"@type\":\"WebSite\",\"@id\":\"https:\\\/\\\/lawestmi.org\\\/es\\\/#website\",\"url\":\"https:\\\/\\\/lawestmi.org\\\/es\\\/\",\"name\":\"Legal Aid\",\"description\":\"LEGAL AID OF WESTERN MICHIGAN\",\"potentialAction\":[{\"@type\":\"SearchAction\",\"target\":{\"@type\":\"EntryPoint\",\"urlTemplate\":\"https:\\\/\\\/lawestmi.org\\\/es\\\/?s={search_term_string}\"},\"query-input\":{\"@type\":\"PropertyValueSpecification\",\"valueRequired\":true,\"valueName\":\"search_term_string\"}}],\"inLanguage\":\"es\"}]}<\/script>\n<!-- \/ Yoast SEO plugin. -->","yoast_head_json":{"title":"Los Beneficios P\u00fablicos - Legal Aid","robots":{"index":"index","follow":"follow","max-snippet":"max-snippet:-1","max-image-preview":"max-image-preview:large","max-video-preview":"max-video-preview:-1"},"canonical":"https:\/\/lawestmi.org\/es\/public-benefits\/","og_locale":"es_ES","og_type":"article","og_title":"Los Beneficios P\u00fablicos - Legal Aid","og_description":"MDHHS \u00bfC\u00f3mo contacto el Departamento de la Salud y los Servicios Humanos (DHHS) durante el...","og_url":"https:\/\/lawestmi.org\/es\/public-benefits\/","og_site_name":"Legal Aid","article_modified_time":"2020-11-12T16:02:08+00:00","og_image":[{"width":1024,"height":683,"url":"https:\/\/lawestmi.org\/wp-content\/uploads\/2020\/05\/Canva-Woman-Wearing-Red-Top-Holding-Silver-Macbook-1024x683.jpg","type":"image\/jpeg"}],"twitter_card":"summary_large_image","twitter_misc":{"Tiempo de lectura":"8 minutos"},"schema":{"@context":"https:\/\/schema.org","@graph":[{"@type":"WebPage","@id":"https:\/\/lawestmi.org\/es\/public-benefits\/","url":"https:\/\/lawestmi.org\/es\/public-benefits\/","name":"Los Beneficios P\u00fablicos - Legal Aid","isPartOf":{"@id":"https:\/\/lawestmi.org\/es\/#website"},"primaryImageOfPage":{"@id":"https:\/\/lawestmi.org\/es\/public-benefits\/#primaryimage"},"image":{"@id":"https:\/\/lawestmi.org\/es\/public-benefits\/#primaryimage"},"thumbnailUrl":"https:\/\/lawestmi.org\/wp-content\/uploads\/2020\/05\/Canva-Woman-Wearing-Red-Top-Holding-Silver-Macbook.jpg","datePublished":"2020-05-28T10:46:08+00:00","dateModified":"2020-11-12T16:02:08+00:00","inLanguage":"es","potentialAction":[{"@type":"ReadAction","target":["https:\/\/lawestmi.org\/es\/public-benefits\/"]}]},{"@type":"ImageObject","inLanguage":"es","@id":"https:\/\/lawestmi.org\/es\/public-benefits\/#primaryimage","url":"https:\/\/lawestmi.org\/wp-content\/uploads\/2020\/05\/Canva-Woman-Wearing-Red-Top-Holding-Silver-Macbook.jpg","contentUrl":"https:\/\/lawestmi.org\/wp-content\/uploads\/2020\/05\/Canva-Woman-Wearing-Red-Top-Holding-Silver-Macbook.jpg","width":2560,"height":1707},{"@type":"WebSite","@id":"https:\/\/lawestmi.org\/es\/#website","url":"https:\/\/lawestmi.org\/es\/","name":"Legal Aid","description":"LEGAL AID OF WESTERN MICHIGAN","potentialAction":[{"@type":"SearchAction","target":{"@type":"EntryPoint","urlTemplate":"https:\/\/lawestmi.org\/es\/?s={search_term_string}"},"query-input":{"@type":"PropertyValueSpecification","valueRequired":true,"valueName":"search_term_string"}}],"inLanguage":"es"}]}},"_links":{"self":[{"href":"https:\/\/lawestmi.org\/es\/wp-json\/wp\/v2\/pages\/2673","targetHints":{"allow":["GET"]}}],"collection":[{"href":"https:\/\/lawestmi.org\/es\/wp-json\/wp\/v2\/pages"}],"about":[{"href":"https:\/\/lawestmi.org\/es\/wp-json\/wp\/v2\/types\/page"}],"author":[{"embeddable":true,"href":"https:\/\/lawestmi.org\/es\/wp-json\/wp\/v2\/users\/4"}],"replies":[{"embeddable":true,"href":"https:\/\/lawestmi.org\/es\/wp-json\/wp\/v2\/comments?post=2673"}],"version-history":[{"count":31,"href":"https:\/\/lawestmi.org\/es\/wp-json\/wp\/v2\/pages\/2673\/revisions"}],"predecessor-version":[{"id":3500,"href":"https:\/\/lawestmi.org\/es\/wp-json\/wp\/v2\/pages\/2673\/revisions\/3500"}],"wp:featuredmedia":[{"embeddable":true,"href":"https:\/\/lawestmi.org\/es\/wp-json\/wp\/v2\/media\/2663"}],"wp:attachment":[{"href":"https:\/\/lawestmi.org\/es\/wp-json\/wp\/v2\/media?parent=2673"}],"curies":[{"name":"wp","href":"https:\/\/api.w.org\/{rel}","templated":true}]}}