{"id":2360,"date":"2020-04-30T12:16:55","date_gmt":"2020-04-30T12:16:55","guid":{"rendered":"https:\/\/646871f226.nxcli.net\/?page_id=2360"},"modified":"2020-10-01T18:43:53","modified_gmt":"2020-10-01T18:43:53","slug":"pagos-estimulos","status":"publish","type":"page","link":"https:\/\/lawestmi.org\/es\/pagos-estimulos\/","title":{"rendered":"Pagos Est\u00edmulos"},"content":{"rendered":"\n<p><strong>La Cantidad de Los Pagos y La Elegibilidad<\/strong><\/p>\n\n\n\n<ul class=\"wp-block-list\"><li><a href=\"#1\">\u00bfQu\u00e9 son estos pagos est\u00edmulos?<\/a><\/li><li><a href=\"#2\">\u00bfCualifico por un pago est\u00edmulo?<\/a><\/li><li><a href=\"#3\">\u00bfHay l\u00edmites del ingreso para cualificar por los pagos est\u00edmulos?<\/a><\/li><li><a href=\"#4\">\u00bfQu\u00e9 es un \u201chijo elegible\u201d?<\/a><\/li><li><a href=\"#5\">Soy estudiante a tiempo completo de la universidad. \u00bfEstoy elegible por un pago?<\/a><\/li><\/ul>\n\n\n\n<p><strong>Como Recibir Su Pago<\/strong><\/p>\n\n\n\n<ul class=\"wp-block-list\"><li><a href=\"#6\">\u00bfNecesito aplicar por un pago?<\/a><\/li><li><a href=\"#7\">Complet\u00e9 una declaraci\u00f3n de los impuestos para 2018 o 2019, pero no prove\u00ed mi informaci\u00f3n del deposito directo. \u00bfQu\u00e9 puedo hacer para recibir mi pago m\u00e1s r\u00e1pidamente?<\/a><\/li><li><a href=\"#8\">No complet\u00e9 una declaraci\u00f3n de los impuestos en 2018 o 2019 porque mi ingreso estaba bajo. \u00bfTodav\u00eda puedo recibir un pago?<\/a><\/li><li><a href=\"#9\">Mi \u00fanico ingreso es la Seguridad Social o el Ingreso de Seguridad Suplemento (SSI). \u00bfEstoy elegible por un pago?<\/a><\/li><li><a href=\"#10\">Recibo la Seguridad Social del retiro (o la de la discapacidad, SSI, los beneficios de Veteranos o el Retiro de Ferroviario), pero tambi\u00e9n tengo un hijo de edad 16 o menos. \u00bfNecesito hacer algo?<\/a><\/li><li><a href=\"#11\">No complet\u00e9 una declaraci\u00f3n de los impuestos en 2018 o 2019, y no recibo la Seguridad Social, SSI o los beneficios de Veteranos o el Retiro de Ferroviario. \u00bfComo recibo mi pago?<\/a><\/li><li><a href=\"#12\">\u00bfCu\u00e1ndo recibir\u00e9 mi pago?<\/a><\/li><\/ul>\n\n\n\n<p><strong>Otros problemas<\/strong><\/p>\n\n\n\n<ul><li><a href=\"#13\">\u00bfEl pago afectar\u00e1 mi elegibilidad por el vale de comida, Medicaid o la ayuda de alojamiento?<\/li><li><a href=\"#14\">Debo dinero para los impuestos atrasados o los pr\u00e9stamos de estudiantes. \u00bfUsar\u00e1 mi pago est\u00edmulo para pagar estas deudas?<\/li><li><a href=\"#15\">\u00bfMi pago estar\u00e1 protegido de los acreedores cuando est\u00e1 depositado a mi cuenta bancaria?<\/li><a name=\"1\"><\/a><li><a href=\"#16\">\u00bfQu\u00e9 si no recibo un cheque papel, aunque estoy elegible?<\/li><li><a href=\"#17\">\u00bfDebo tener cuidado por los estafadores tratando de tomar mi pago?<\/li><\/ul>\n\n\n\n<a name=\"2\"><\/a><p><strong><u>La Cantidad de Los Pagos y La Elegibilidad<\/u><\/strong><\/p>\n\n\n\n<p><strong>\u00bfQu\u00e9 son estos pagos est\u00edmulos?<\/strong> &#8211; <a href=\"\u201d#\u201d\">Back to Top<\/a><\/p>\n\n\n\n<p>El CARES Act, que es una ley nueva, provee por muchas personas a recibir un pago hasta $1,200 ($2,400 por las parejas casadas completando juntos las declaraciones de impuestos). Las personas elegibles tambi\u00e9n pueden recibir $500 adicional por cada hijo de edad 16 o menos.<\/p>\n\n\n\n<p><strong>\u00bfCualifico por un pago est\u00edmulo?<\/strong> &#8211; <a href=\"\u201d#\u201d\">Back to Top<\/a><\/p>\n\n\n\n<p>Para cualificar por los pagos est\u00edmulos, tiene que estar un ciudadano o un residente legal de los Estados Unidos, necesita tener un n\u00famero de <a name=\"3\"><\/a>la Seguridad Social que es v\u00e1lido por el empleo y no puede estar reclamado como un dependiente de otra persona en sus impuestos. Si alguien en su declaraci\u00f3n de impuestos tiene un N\u00famero Individual de Identificaci\u00f3n Fiscal (ITIN), no est\u00e1 elegible por un pago a menos que un c\u00f3nyuge sirvi\u00f3 en las fuerzas armadas de los Estados Unidos y este c\u00f3nyuge tiene un n\u00famero valido de la Seguridad Social.<\/p>\n\n\n\n<p><strong>\u00bfHay l\u00edmites del ingreso para cualificar por los pagos est\u00edmulos?<\/strong> &#8211; <a href=\"\u201d#\u201d\">Back to Top<\/a><\/p>\n\n\n\n<p>No hay ingreso m\u00ednimo para cualificar por el pago estimulo, pero los pagos eliminan gradualmente por las personas con ingresos m\u00e1s de ciertos <a name=\"4\"><\/a>niveles. Los pagos disminuyen por las personas con un ingreso bruto ajustado (AGI) de $75,000 por a\u00f1o ($150,000 por las parejas casadas completando juntos las declaraciones de impuestos). Los pagos eliminancompletamente por las personas con un AGI de m\u00e1s de $99,000 por a\u00f1o ($136,500 si complet\u00f3 una declaraci\u00f3n de impuestos como la cabeza de familia)<a name=\"5\"><\/a> y $198,000 por las parejas casadas completando juntos las declaraciones de impuestos.<\/p>\n\n\n\n<p><strong>\u00bfQu\u00e9 es un \u201chijo elegible\u201d?<\/strong> &#8211; <a href=\"\u201d#\u201d\">Back to Top<\/a><\/p>\n\n\n\n<p>El CARES Act provee un pago de $500 para cada \u201chijo elegible.\u201d Un hijo elegible debe tener 16 a\u00f1os o menos. Los pagos no ocurrir\u00e1n por los hijos quien tienen 17 o 18 a\u00f1os, aunque viven con sus padres.<\/p>\n\n\n\n<p><strong>Soy estudiante a tiempo completo de la universidad. \u00bfEstoy elegible por un pago?<\/strong> &#8211; <a href=\"\u201d#\u201d\">Back to Top<\/a><\/p>\n\n\n\n<p>Quiz\u00e1s. Si tiene un n\u00famero v\u00e1lido de Seguridad Social y cumple con los limites arribas de AGI, est\u00e1 elegible por un pago si un padre u otra persona no proveyeron m\u00e1s de la <a name=\"6\"><\/a>mitad de su apoyo y no se reclamaron como dependiente en sus declaraciones de impuestos. Generalmente, consideran un estudiante a tiempo completo de la universidad quien tiene menos de 24 a\u00f1os como un dependiente si sus padres proveen m\u00e1s de la mitad de su apoyo. Si un padre se reclam\u00f3 como un dependiente, no est\u00e1 elegible por un pago.<\/p>\n\n\n\n<p><strong><u>Como Recibir Su Pago<\/u><\/strong><\/p>\n\n\n\n<p><strong>\u00bfNecesito aplicar por un pago?<\/strong> &#8211; <a href=\"\u201d#\u201d\">Back to Top<\/a><\/p>\n\n\n\n<p>Si complet\u00f3 una declaraci\u00f3n de impuestos por 2018 o 2019 y est\u00e1 elegible por el pago, recibir\u00e1 su pago autom\u00e1ticamente y no necesita hacer nada. Si el IRS tiene su informaci\u00f3n bancaria de una declaraci\u00f3n de impuestos de 2018 o 2019, depositar\u00e1 directamente el dinero en la cuenta bancaria. El IRS empez\u00f3 a hacer estos pagos en el 11 de abril y planea a completarlos al final de abril.<\/p>\n\n\n\n<p>Si no dio su informaci\u00f3n de deposito directo al IRS, ellos enviaran un cheque papel a la direcci\u00f3n en su declaraci\u00f3n de impuestos m\u00e1s reciente. Para recibir el pago m\u00e1s r\u00e1pido, puede dar al IRS su informaci\u00f3n bancaria por un sitio web que crean. Va a <a href=\"https:\/\/www.irs.gov\/coronavirus\/get-my-payment\">https:\/\/www.irs.gov\/coronavirus\/get-my-payment<\/a>. <a name=\"7\"><\/a>Al lado izquierdo de la pantalla, hay una caja con el t\u00edtulo \u201cGet My Payment.\u201d Despu\u00e9s de proveer su informaci\u00f3n del dep\u00f3sito directo, El IRS debe pagarle pronto.<\/p>\n\n\n\n<p>Si no complet\u00f3 una declaraci\u00f3n de impuestos por 2018 o 2019, es posible que necesita aplicar por un pago. Mira a las preguntas bajas para determinar si necesita aplicar.<\/p>\n\n\n\n<p><strong>Complet\u00e9 una declaraci\u00f3n de los impuestos para 2018 o 2019, pero no prove\u00ed mi informaci\u00f3n del dep\u00f3sito directo. \u00bfQu\u00e9 puedo hacer para recibir mi pago m\u00e1s r\u00e1pidamente?<\/strong> &#8211; <a href=\"\u201d#\u201d\">Back to Top<\/a><\/p>\n\n\n\n<p>Recibir\u00e1 su pago autom\u00e1ticamente si complet\u00f3 una declaraci\u00f3n de impuestos en 2018 o 2019 sin la informaci\u00f3n del dep\u00f3sito directo, pero necesita dar m\u00e1s informaci\u00f3n al IRS si quiere recibir su pago r\u00e1pidamente. El IRS enviaran un cheque papel a todas las personas elegibles quien completaron declaraciones de impuestos y no proveyeron informaci\u00f3n del dep\u00f3sito directo, pero no enviaran estos cheques papeles hasta al final de mayo. Puede tomar varios meses a enviar todos los cheques papeles. Puede recibir su pago m\u00e1s r\u00e1pidamente si da al IRS su informaci\u00f3n bancaria por un sitio web que crean. Va a <a href=\"https:\/\/www.irs.gov\/coronavirus\/get-my-payment\">https:\/\/www.irs.gov\/coronavirus\/get-my-payment<\/a>. <a name=\"8\"><\/a>Al lado izquierdo de la pantalla, hay una caja con el t\u00edtulo \u201cGet My Payment.\u201d Despu\u00e9s de proveer su informaci\u00f3n del dep\u00f3sito directo, El IRS debe pagarle pronto.<\/p>\n\n\n\n<p>No da su informaci\u00f3n bancaria a ning\u00fan otro lugar sin el sitio web de IRS. Si alguien se llama por tel\u00e9fono o cualquiera otra manera para pedir su informaci\u00f3n bancaria, es probable que es una estafa.<\/p>\n\n\n\n<p><strong>No complet\u00e9 una declaraci\u00f3n de los impuestos en 2018 o 2019 porque mi ingreso estaba bajo. \u00bfTodav\u00eda puedo recibir un pago?<\/strong> &#8211; <a href=\"\u201d#\u201d\">Back to Top<\/a><\/p>\n\n\n\n<p>S\u00ed, pero es posible que necesita dar su informaci\u00f3n al IRS. Unas personas quienes no completaron una declaraci\u00f3n de impuestos recibir\u00e1n todo su pago autom\u00e1ticamente. Si recibe un ingreso de unos de los recursos siguientes, y NO tiene hijos de edad 16 o menos, no necesita hacer nada para recibir su pago completamente:<\/p>\n\n\n\n<ul><li>Los beneficios de Retiro o Dependientes de la Seguridad Social<\/li><li>Los beneficios de Discapacidad de la Seguridad Social<\/li><li>Los beneficios del Ingreso de Seguridad Suplemento (SSI)<\/li><a name=\"9\"><\/a><li>Los beneficios del Retiro de Ferroviario<\/li><li>La Pensi\u00f3n y la Compensaci\u00f3n de los Veteranos<\/li><\/ul>\n\n\n\n<p>Si recibe unos de estos recursos, recibir\u00e1 autom\u00e1ticamente su pago en el mismo m\u00e9todo que recibe sus beneficios.<\/p>\n\n\n\n<p><strong>Mi \u00fanico ingreso es la Seguridad Social o el Ingreso de Seguridad Suplemento (SSI). \u00bfEstoy elegible por un pago?<\/strong> &#8211; <a href=\"\u201d#\u201d\">Back to Top<\/a><\/p>\n\n\n\n<p>S\u00ed, si satisface los otros requisitos. Recibir\u00e1 su pago <a name=\"10\"><\/a>autom\u00e1ticamente sin completando una declaraci\u00f3n de impuestos o aplicando por un pago en el sitio web del IRS. Recibir\u00e1 su pago en el mismo m\u00e9todo que recibe los pagos de la Seguridad Social o SSI (por ejemplo: dep\u00f3sito directo, tarjeta prepagada o cheque papel). Si tiene hijos de edad 16 o menos, necesitar\u00e1 dar m\u00e1s informaci\u00f3n al IRS para recibir el pago de $500 por cada hijo. Sigue las direcciones en la siguiente pregunta.<\/p>\n\n\n\n<p><strong>Recibo la Seguridad Social del retiro (o la de la discapacidad, SSI, los beneficios de Veteranos o el Retiro de Ferroviario), pero tambi\u00e9n tengo un hijo de edad 16 o menos. \u00bfNecesito hacer algo?<\/strong> &#8211; <a href=\"\u201d#\u201d\">Back to Top<\/a><\/p>\n\n\n\n<p>Quiz\u00e1s. Si tiene hijos dependientes de edad 16 o menos, y no complet\u00f3 una declaraci\u00f3n de impuestos en 2018 o 2019, necesitar\u00e1 dar m\u00e1s informaci\u00f3n al IRS sobre su hogar para recibir su pago completo. El IRS enviar\u00e1 su pago individual ($1,200) autom\u00e1ticamente, pero necesitar\u00e1 dar m\u00e1s informaci\u00f3n al IRS para recibir el pago de $500 por cada hijo. El IRS ha creado un sitio web por las personas quienes no completaron una declaraci\u00f3n de impuestos para proveen su informaci\u00f3n y recibir un pago electr\u00f3nico.<\/p>\n\n\n\n<p>Va a <a href=\"https:\/\/www.irs.gov\/coronavirus\/non-filers-enter-payment-info-here\">https:\/\/www.irs.gov\/coronavirus\/non-filers-enter-payment-info-here<\/a>. Desplazase hacia abajo y elegir la caja con el t\u00edtulo \u201cEnter Your Information.\u201d En la siguiente p\u00e1gina, elige la caja con el t\u00edtulo \u201cGet Started.\u201d Si no da su informaci\u00f3n en este sitio web, no recibir\u00e1 el pago de $500 por cada hijo hasta completa una declaraci\u00f3n de impuestos por 2020. El sitio web necesita la siguiente informaci\u00f3n:<\/p>\n\n\n\n<ul class=\"wp-block-list\"><li>Nombre completa, su direcci\u00f3n actual y un email<\/li><li>Fecha de cumplea\u00f1os y un n\u00famero v\u00e1lido de Seguridad Social<\/li><li>N\u00famero, tipo y n\u00famero de ruta de cuenta bancaria<\/li><li>Identity Protection Personal Identification Number (IP PIN) que recibi\u00f3 del IRS, si lo tiene<\/li><li>Para cada hijo elegible: nombre, n\u00famero de Seguridad Social o n\u00famero de Adoption Taxpayer Identification y su relaci\u00f3n a usted o su c\u00f3nyuge<\/li><\/ul>\n\n\n\n<p><b><span style=\"background-color: #FFFF00\">NOTICIA: El IRS fij\u00f3 una feche l\u00edmite del 22 de abril de 2020 en el 12 p.m. EST por los recipientes de los beneficios de la Seguridad Social y el Retiro de Ferroviario con hijos de edades debajo de 17 a proveer su informaci\u00f3n. Si no provee su informaci\u00f3n antes de esta fecha l\u00edmite, y empez\u00f3 a recibir sus beneficios de la Seguridad Social antes del 1 de enero de 2020, recibir\u00e1 su pago de $1,200, pero no recibir\u00e1 el pago de $500 por cada hijo elegible hasta completa su declaraci\u00f3n de impuestos por el pr\u00f3ximo a\u00f1o. Si empez\u00f3 a recibir sus beneficios de la Seguridad Social en o despu\u00e9s del 1 de enero de 2020, puede continuar a usar el m\u00e9todo para las personas que no completan una declaraci\u00f3n de impuestos para recibir su pago completo (incluyendo el pago de $500 por cada hijo elegible).<span><\/b><\/p>\n\n\n\n<p><b><span style=\"background-color: #FFFF00\">NOTICIA: El IRS fij\u00f3 una <a name=\"11\"><\/a>fecha limite del 5 de mayo de 2020 por los recipientes de SSI quienes no completaron una declaraci\u00f3n de impuestos en 2018 o 2019 y tienen dependientes de edades debajo de 17 para proveer su informaci\u00f3n. Si no provee su informaci\u00f3n antes de esta fecha l\u00edmite, tendr\u00e1 que esperar a recibir el pago por los dependientes elegibles hasta completa su declaraci\u00f3n de impuestos por el pr\u00f3ximo a\u00f1o.<\/span><\/b><\/p>\n\n\n\n<p><strong>No complet\u00e9 una declaraci\u00f3n de los impuestos en 2018 o 2019, y no recibo la Seguridad Social, SSI o los beneficios de Veteranos o el Retiro de Ferroviario. \u00bfComo recibo mi pago?<\/strong> &#8211; <a href=\"\u201d#\u201d\">Back to Top<\/a><\/p>\n\n\n\n<p>Si no complet\u00f3 una declaraci\u00f3n de impuestos en 2018 o 2019, necesitar\u00e1 dar m\u00e1s informaci\u00f3n al IRS sobre su hogar. El IRS ha creado un sitio web por las personas quienes no completaron una declaraci\u00f3n de impuestos para proveen su informaci\u00f3n y recibir un pago electr\u00f3nico. Va a <a href=\"https:\/\/www.irs.gov\/coronavirus\/non-filers-enter-payment-info-here\">https:\/\/www.irs.gov\/coronavirus\/non-filers-enter-payment-info-here<\/a>. Desplazase hacia abajo y elegir la caja con el t\u00edtulo \u201cEnter Your Information.\u201d En la siguiente p\u00e1gina, elige la caja con el t\u00edtulo \u201cGet Started.\u201d<\/p>\n\n\n\n<p>El sitio web necesita la siguiente informaci\u00f3n:<\/p>\n\n\n\n<ul><li>Nombre completa, su direcci\u00f3n actual y un email<\/li><li>Fecha de cumplea\u00f1os y un n\u00famero v\u00e1lido de Seguridad Social<\/li><li>N\u00famero, tipo y n\u00famero de ruta de cuenta bancaria<\/li><li>Identity Protection Personal Identification Number (IP PIN) que recibi\u00f3 del IRS, si lo tiene<\/li><li>La licencia de conducir o ID del estado, si lo tiene<\/li><li>Para cada hijo elegible: nombre, n\u00famero de Seguridad Social o <a name=\"12\"><\/a>n\u00famero de Adoption Taxpayer Identification y su relaci\u00f3n a usted o su c\u00f3nyuge<\/li><\/ul>\n\n\n\n<p>Completando este sitio web no indica que necesita pagar los impuestos; solo da al IRS una informaci\u00f3n sobre quien est\u00e1, cuantas personas viven en su hogar y como enviarle su pago.<\/p>\n\n\n\n<p><strong>\u00bfCu\u00e1ndo recibir\u00e9 mi pago?<\/strong> &#8211; <a href=\"\u201d#\u201d\">Back to Top<\/a><\/p>\n\n\n\n<p>En la mitad de abril, el IRS empez\u00f3 a depositar directamente los pagos a las personas quienes completaron sus declaraciones de impuestos y proveyeron su informaci\u00f3n del deposito directo. El IRS tiene las expectaciones de completar estos pagos al final de abril. El IRS ha dicho que enviar los pagos a recipientes de SSI al principio de mayo.<\/p>\n\n\n\n<p>Enviaran los cheques papeles despu\u00e9s de completan los pagos electr\u00f3nicos. Enviar\u00e1 los cheques papeles en la siguiente manera:<\/p>\n\n\n\n<ul><li>El 24 de abril \u2013 enviar\u00e1 los cheques a personas con ingresos hasta $10,000<\/li><li>El 1 de mayo \u2013 enviar\u00e1 los cheques a personas con ingresos hasta $20,000<\/li><a name=\"13\"><\/a><li>El 8 de mayo \u2013 enviar\u00e1 los cheques a personas con ingresos hasta $30,000<\/li><li>Este va a continuar cada semana, con los ingresos aumentando cada vez.<\/li><\/ul>\n\n\n\n<p><strong><u>Otros problemas<\/u><\/strong><strong><\/strong><\/p>\n\n\n\n<a name=\"14\"><\/a><p><strong>\u00bfEl pago afectar\u00e1 mi elegibilidad por el vale de comida, Medicaid o la ayuda de alojamiento?<\/strong> &#8211; <a href=\"\u201d#\u201d\">Back to Top<\/a><\/p>\n\n\n\n<p>No. Estos pagos no cuenta como ingreso o activo por los programas federales que son basados en sus finanzas, incluyendo Medicaid, SNAP (el vale de comida), TANF (ayuda de dinero cada mes), el alojamiento subvencionado (Secci\u00f3n 8 o alojamiento p\u00fablico) o SSI. El pago no reducir\u00e1 sus beneficios si gasta el pago dentro de un a\u00f1o.<\/p>\n\n\n\n<a name=\"15\"><\/a><p><strong>Debo dinero para los impuestos atrasados o los pr\u00e9stamos de estudiantes. \u00bfUsar\u00e1 mi pago est\u00edmulo para pagar estas deudas?<\/strong> &#8211; <a href=\"\u201d#\u201d\">Back to Top<\/a><\/p>\n\n\n\n<p>El gobierno no embargar\u00e1 su pago est\u00edmulo por los impuestos atrasados, los pr\u00e9stamos de estudiantes u otras deudas federales o del estado. Sin embargo, el gobierno puede usar los pagos est\u00edmulos para pagar la pensi\u00f3n alimenticia pendiente que ha estado reportado al Departamento del Tesoro de los Estados Unidos.<\/p><a name=\"16\"><\/a>\n\n\n\n<p><strong>\u00bfMi pago estar\u00e1 protegido de los acreedores cuando est\u00e1 depositado a mi cuenta bancaria?<\/strong> &#8211; <a href=\"\u201d#\u201d\">Back to Top<\/a><\/p>\n\n\n\n<p>Probablemente no. Cuando el pago est\u00e1 depositado a su cuenta bancaria, lo tratar\u00e1n como otro dinero en la cuenta. Si el acreedor tiene una falla contra usted y una orden para embargar su cuenta bancaria, es probable que el acreedor pueda tener acceso al pago en su cuenta.<\/p>\n\n\n\n<p><strong>\u00bfQu\u00e9 si no recibo un cheque papel, aunque estoy elegible?<\/strong> &#8211; <a href=\"\u201d#\u201d\">Back to Top<\/a><\/p>\n\n\n\n<p>Si complet\u00f3 una declaraci\u00f3n de impuestos por 2018 o 2019 (o va a completar una pronta por 2019) y el IRS tiene su direcci\u00f3n correcta o su informaci\u00f3n del dep\u00f3sito directo, es m\u00e1s probable que recibir\u00e1 su pago. <a name=\"17\"><\/a>Aproximadamente 15 d\u00edas despu\u00e9s del pago, el IRS enviar\u00e1 letras a los recipientes para explicar donde, cuando y como ellos enviaron el pago. Si no recibe un pago o una letra del IRS dentro de un marco de tiempo razonable, debe investigar con el IRS. Ve \u201cPayment recipients: watch for an IRS letter\u201d a <a href=\"https:\/\/www.irs.gov\/coronavirus\/get-my-payment-frequently-asked-questions\">https:\/\/www.irs.gov\/coronavirus\/get-my-payment-frequently-asked-questions<\/a>.<\/p>\n\n\n\n<p><strong>\u00bfDebo tener cuidado por los estafadores tratando de tomar mi pago?<\/strong> &#8211; <a href=\"\u201d#\u201d\">Back to Top<\/a><\/p>\n\n\n\n<p>Absolutamente. Todas las veces que dinero est\u00e1 distribuyendo, hay personas que trataran de enga\u00f1ar y robar personas. No da su cuenta bancaria u otra informaci\u00f3n personal a nadie quien se contacta indicando que la necesita por su pago. El sitio web del IRS es el \u00fanico lugar que debe proveer su informaci\u00f3n bancaria. No da su informaci\u00f3n bancaria por tel\u00e9fono.<\/p>\n","protected":false},"excerpt":{"rendered":"<p>La Cantidad de Los Pagos y La Elegibilidad \u00bfQu\u00e9 son estos pagos est\u00edmulos? \u00bfCualifico por&#8230;<\/p>\n","protected":false},"author":4,"featured_media":2357,"parent":0,"menu_order":0,"comment_status":"closed","ping_status":"closed","template":"","meta":{"footnotes":""},"class_list":["post-2360","page","type-page","status-publish","has-post-thumbnail","hentry"],"yoast_head":"<!-- This site is optimized with the Yoast SEO plugin v27.5 - https:\/\/yoast.com\/product\/yoast-seo-wordpress\/ -->\n<title>Pagos Est\u00edmulos - Legal Aid<\/title>\n<meta name=\"robots\" content=\"index, follow, max-snippet:-1, max-image-preview:large, max-video-preview:-1\" \/>\n<link rel=\"canonical\" href=\"https:\/\/lawestmi.org\/es\/pagos-estimulos\/\" \/>\n<meta property=\"og:locale\" content=\"es_ES\" \/>\n<meta property=\"og:type\" content=\"article\" \/>\n<meta property=\"og:title\" content=\"Pagos Est\u00edmulos - Legal Aid\" \/>\n<meta property=\"og:description\" content=\"La Cantidad de Los Pagos y La Elegibilidad \u00bfQu\u00e9 son estos pagos est\u00edmulos? \u00bfCualifico por...\" \/>\n<meta property=\"og:url\" content=\"https:\/\/lawestmi.org\/es\/pagos-estimulos\/\" \/>\n<meta property=\"og:site_name\" content=\"Legal Aid\" \/>\n<meta property=\"article:modified_time\" content=\"2020-10-01T18:43:53+00:00\" \/>\n<meta property=\"og:image\" content=\"https:\/\/lawestmi.org\/wp-content\/uploads\/2020\/04\/dollar-3259363_1920-1024x768.png\" \/>\n\t<meta property=\"og:image:width\" content=\"1024\" \/>\n\t<meta property=\"og:image:height\" content=\"768\" \/>\n\t<meta property=\"og:image:type\" content=\"image\/png\" \/>\n<meta name=\"twitter:card\" content=\"summary_large_image\" \/>\n<meta name=\"twitter:label1\" content=\"Tiempo de lectura\" \/>\n\t<meta name=\"twitter:data1\" content=\"13 minutos\" \/>\n<script type=\"application\/ld+json\" class=\"yoast-schema-graph\">{\"@context\":\"https:\\\/\\\/schema.org\",\"@graph\":[{\"@type\":\"WebPage\",\"@id\":\"https:\\\/\\\/lawestmi.org\\\/es\\\/pagos-estimulos\\\/\",\"url\":\"https:\\\/\\\/lawestmi.org\\\/es\\\/pagos-estimulos\\\/\",\"name\":\"Pagos Est\u00edmulos - Legal Aid\",\"isPartOf\":{\"@id\":\"https:\\\/\\\/lawestmi.org\\\/es\\\/#website\"},\"primaryImageOfPage\":{\"@id\":\"https:\\\/\\\/lawestmi.org\\\/es\\\/pagos-estimulos\\\/#primaryimage\"},\"image\":{\"@id\":\"https:\\\/\\\/lawestmi.org\\\/es\\\/pagos-estimulos\\\/#primaryimage\"},\"thumbnailUrl\":\"https:\\\/\\\/lawestmi.org\\\/wp-content\\\/uploads\\\/2020\\\/04\\\/dollar-3259363_1920.png\",\"datePublished\":\"2020-04-30T12:16:55+00:00\",\"dateModified\":\"2020-10-01T18:43:53+00:00\",\"inLanguage\":\"es\",\"potentialAction\":[{\"@type\":\"ReadAction\",\"target\":[\"https:\\\/\\\/lawestmi.org\\\/es\\\/pagos-estimulos\\\/\"]}]},{\"@type\":\"ImageObject\",\"inLanguage\":\"es\",\"@id\":\"https:\\\/\\\/lawestmi.org\\\/es\\\/pagos-estimulos\\\/#primaryimage\",\"url\":\"https:\\\/\\\/lawestmi.org\\\/wp-content\\\/uploads\\\/2020\\\/04\\\/dollar-3259363_1920.png\",\"contentUrl\":\"https:\\\/\\\/lawestmi.org\\\/wp-content\\\/uploads\\\/2020\\\/04\\\/dollar-3259363_1920.png\",\"width\":1920,\"height\":1440},{\"@type\":\"WebSite\",\"@id\":\"https:\\\/\\\/lawestmi.org\\\/es\\\/#website\",\"url\":\"https:\\\/\\\/lawestmi.org\\\/es\\\/\",\"name\":\"Legal Aid\",\"description\":\"LEGAL AID OF WESTERN MICHIGAN\",\"potentialAction\":[{\"@type\":\"SearchAction\",\"target\":{\"@type\":\"EntryPoint\",\"urlTemplate\":\"https:\\\/\\\/lawestmi.org\\\/es\\\/?s={search_term_string}\"},\"query-input\":{\"@type\":\"PropertyValueSpecification\",\"valueRequired\":true,\"valueName\":\"search_term_string\"}}],\"inLanguage\":\"es\"}]}<\/script>\n<!-- \/ Yoast SEO plugin. -->","yoast_head_json":{"title":"Pagos Est\u00edmulos - Legal Aid","robots":{"index":"index","follow":"follow","max-snippet":"max-snippet:-1","max-image-preview":"max-image-preview:large","max-video-preview":"max-video-preview:-1"},"canonical":"https:\/\/lawestmi.org\/es\/pagos-estimulos\/","og_locale":"es_ES","og_type":"article","og_title":"Pagos Est\u00edmulos - Legal Aid","og_description":"La Cantidad de Los Pagos y La Elegibilidad \u00bfQu\u00e9 son estos pagos est\u00edmulos? \u00bfCualifico por...","og_url":"https:\/\/lawestmi.org\/es\/pagos-estimulos\/","og_site_name":"Legal Aid","article_modified_time":"2020-10-01T18:43:53+00:00","og_image":[{"width":1024,"height":768,"url":"https:\/\/lawestmi.org\/wp-content\/uploads\/2020\/04\/dollar-3259363_1920-1024x768.png","type":"image\/png"}],"twitter_card":"summary_large_image","twitter_misc":{"Tiempo de lectura":"13 minutos"},"schema":{"@context":"https:\/\/schema.org","@graph":[{"@type":"WebPage","@id":"https:\/\/lawestmi.org\/es\/pagos-estimulos\/","url":"https:\/\/lawestmi.org\/es\/pagos-estimulos\/","name":"Pagos Est\u00edmulos - Legal Aid","isPartOf":{"@id":"https:\/\/lawestmi.org\/es\/#website"},"primaryImageOfPage":{"@id":"https:\/\/lawestmi.org\/es\/pagos-estimulos\/#primaryimage"},"image":{"@id":"https:\/\/lawestmi.org\/es\/pagos-estimulos\/#primaryimage"},"thumbnailUrl":"https:\/\/lawestmi.org\/wp-content\/uploads\/2020\/04\/dollar-3259363_1920.png","datePublished":"2020-04-30T12:16:55+00:00","dateModified":"2020-10-01T18:43:53+00:00","inLanguage":"es","potentialAction":[{"@type":"ReadAction","target":["https:\/\/lawestmi.org\/es\/pagos-estimulos\/"]}]},{"@type":"ImageObject","inLanguage":"es","@id":"https:\/\/lawestmi.org\/es\/pagos-estimulos\/#primaryimage","url":"https:\/\/lawestmi.org\/wp-content\/uploads\/2020\/04\/dollar-3259363_1920.png","contentUrl":"https:\/\/lawestmi.org\/wp-content\/uploads\/2020\/04\/dollar-3259363_1920.png","width":1920,"height":1440},{"@type":"WebSite","@id":"https:\/\/lawestmi.org\/es\/#website","url":"https:\/\/lawestmi.org\/es\/","name":"Legal Aid","description":"LEGAL AID OF WESTERN MICHIGAN","potentialAction":[{"@type":"SearchAction","target":{"@type":"EntryPoint","urlTemplate":"https:\/\/lawestmi.org\/es\/?s={search_term_string}"},"query-input":{"@type":"PropertyValueSpecification","valueRequired":true,"valueName":"search_term_string"}}],"inLanguage":"es"}]}},"_links":{"self":[{"href":"https:\/\/lawestmi.org\/es\/wp-json\/wp\/v2\/pages\/2360","targetHints":{"allow":["GET"]}}],"collection":[{"href":"https:\/\/lawestmi.org\/es\/wp-json\/wp\/v2\/pages"}],"about":[{"href":"https:\/\/lawestmi.org\/es\/wp-json\/wp\/v2\/types\/page"}],"author":[{"embeddable":true,"href":"https:\/\/lawestmi.org\/es\/wp-json\/wp\/v2\/users\/4"}],"replies":[{"embeddable":true,"href":"https:\/\/lawestmi.org\/es\/wp-json\/wp\/v2\/comments?post=2360"}],"version-history":[{"count":32,"href":"https:\/\/lawestmi.org\/es\/wp-json\/wp\/v2\/pages\/2360\/revisions"}],"predecessor-version":[{"id":2572,"href":"https:\/\/lawestmi.org\/es\/wp-json\/wp\/v2\/pages\/2360\/revisions\/2572"}],"wp:featuredmedia":[{"embeddable":true,"href":"https:\/\/lawestmi.org\/es\/wp-json\/wp\/v2\/media\/2357"}],"wp:attachment":[{"href":"https:\/\/lawestmi.org\/es\/wp-json\/wp\/v2\/media?parent=2360"}],"curies":[{"name":"wp","href":"https:\/\/api.w.org\/{rel}","templated":true}]}}