{"id":2162,"date":"2020-04-16T18:44:07","date_gmt":"2020-04-16T18:44:07","guid":{"rendered":"https:\/\/646871f226.nxcli.net\/?page_id=2162"},"modified":"2025-07-22T15:43:30","modified_gmt":"2025-07-22T15:43:30","slug":"info","status":"publish","type":"page","link":"https:\/\/lawestmi.org\/es\/info\/","title":{"rendered":"Informaci\u00f3nes legales"},"content":{"rendered":"\r\n<p><span style=\"color: #ff6600;\"><strong>APLICANDO POR AYUDA LEGAL<\/strong><\/span><\/p>\r\n<p><a href=\"https:\/\/lawestmi.org\/es\/i-need-help\/\">Ll\u00e1manos<\/a> o <a href=\"https:\/\/lawestmi.org\/es\/i-need-help\/\">aplica por pagina de web<\/a> a cualquier hora.<\/p>\r\n<p><span style=\"color: #ff6600;\"><strong>MichiganLegalHelp.org <span style=\"color: #ff6600;\">SITIO<\/span> WEB<\/strong><\/span><\/p>\r\n<div id=\"tw-target-text-container\" class=\"tw-ta-container F0azHf tw-nfl\" tabindex=\"0\">\r\n<p>MichiganLegalHelp.org es un sitio web con 1) informaci\u00f3n gratuita sobre muchas \u00e1reas de la ley y 2) recursos gratuitos, como gu\u00edas de bricolaje, para personas que est\u00e1n manejando un problema legal sin un abogado.<\/p>\r\n<p><span style=\"color: #ff6600;\"><strong>INFORMACI\u00d3N LEGAL: HOJAS INFORMATIVAS, VIDEOS Y ENLACES \u00daTILES<\/strong><\/span><\/p>\r\n<p>Hicimos estos breves folletos y videos con informaci\u00f3n sobre preguntas legales que la gente nos hace con frecuencia. Tambi\u00e9n incluimos enlaces a algunos sitios web gubernamentales.<\/p>\r\n<p><strong><u>Desalojo y Alojamiento<\/u><\/strong><\/p>\r\n<p>Para los inquilinos:<\/p>\r\n<ul>\r\n<li>Video: <a href=\"https:\/\/www.youtube.com\/watch?v=u5DpMkPnHHQ&amp;list=PLWsyecgoIiMGWuxyqLqVR3du-JjVabXqb&amp;index=1\">sus derechos y responsabilidades de dep\u00f3sito de seguridad<\/a><\/li>\r\n<li>Servicios de refugio y vivienda de emergencia: <a href=\"https:\/\/www.michigan.gov\/mshda\/homeless\/looking-for-help\">encuentre ayuda en su \u00e1rea<\/a><\/li>\r\n<\/ul>\r\n<p><strong><u>Ley familiar<\/u><\/strong><\/p>\r\n<p>Decidir divorciarse puede ser estresante y dif\u00edcil.<\/p>\r\n<ul>\r\n<li>Este <a href=\"https:\/\/www.youtube.com\/watch?v=05flFAUgtv8&amp;list=PLWsyecgoIiMGWuxyqLqVR3du-JjVabXqb&amp;index=2\">video<\/a> y <a href=\"https:\/\/lawestmi.org\/wp-content\/uploads\/2022\/07\/Divorce-considerations-Sp.png\">folleto simplemente explican algunas cosas clave a considerar<\/a>.<\/li>\r\n<li><a href=\"https:\/\/lawestmi.org\/wp-content\/uploads\/2022\/07\/PPOs-Sp.pdf\">Orden Domestica de Protecci\u00f3n Personal (PPO)<\/a>: Obteniendo un PPO &amp; Defendiendo Contra Objeciones<\/li>\r\n<li><a href=\"https:\/\/lawestmi.org\/wp-content\/uploads\/2022\/07\/Divorce-Property-Division-Child-Custody-Sp-7.21.22.pdf\">Divisi\u00f3n de Propiedad de Divorcio y Custodia de los Hijos<\/a>: Entendiendo los Conceptos B\u00e1sicos<\/li>\r\n<\/ul>\r\n<p><span style=\"text-decoration: underline;\"><strong>Ingresos, Impuestos y Beneficios P\u00fablicos<\/strong><\/span><\/p>\r\n<p><em>Oportunidades de quitar convicciones criminales de su registro<\/em><\/p>\r\n<ul>\r\n<li>Informaci\u00f3n sobre <span class=\"Y2IQFc\" lang=\"es\">el sistema de <a href=\"https:\/\/lawestmi.org\/wp-content\/uploads\/2025\/03\/Auto-Expungement-3.21.25-En.pdf\">\u201cExpurgaci\u00f3n Autom\u00e1tica\u201d<\/a> de Michigan<\/span><\/li>\r\n<li>Informaci\u00f3n sobre <a href=\"https:\/\/lawestmi.org\/wp-content\/uploads\/2025\/03\/Expungement-Laws-3.21.25-Sp.pdf\">c\u00f3mo solicitar la eliminaci\u00f3n de antecedentes penales a trav\u00e9s de los tribunales<\/a><\/li>\r\n<li>Lista de verificaci\u00f3n para <a href=\"https:\/\/lawestmi.org\/wp-content\/uploads\/2025\/03\/Expunge-Application-Checklist-3.20.25-Sp.pdf\">solicitar la eliminaci\u00f3n de antecedentes penales en los tribunales<\/a><\/li>\r\n<\/ul>\r\n<\/div>\r\n<p>\r\n\r\n<\/p>\r\n<p><em>Presentaci\u00f3n de declaraciones de impuestos sobre la renta<\/em><\/p>\r\n<ul>\r\n<li><a href=\"https:\/\/lawestmi.org\/wp-content\/uploads\/2025\/01\/2025-IRS-resources-for-taxpayers-Sp.pdf\">Recursos del IRS para contribuyentes (2025)<\/a><\/li>\r\n<li><a href=\"https:\/\/lawestmi.org\/wp-content\/uploads\/2025\/01\/LITC-2025-Filing-Tips-Sp.pdf\"><span class=\"Y2IQFc\" lang=\"es\">Consejos para la declaraci\u00f3n de impuestos 2025<\/span><\/a><\/li>\r\n<li>Inf\u00f3rmese sobre los <a href=\"https:\/\/lawestmi.org\/wp-content\/uploads\/2023\/03\/Federal-Income-Tax-Credits-2023-Sp.pdf\">cr\u00e9ditos fiscales federales sobre la renta<\/a><\/li>\r\n<li>Aprende del <a href=\"https:\/\/poverty.umich.edu\/child-tax-credit\/\">Cr\u00e9dito del Impuesto de Ni\u00f1os<\/a> (del Universidad de Michigan)<\/li>\r\n<\/ul>\r\n<p><em>Poder legal<\/em><\/p>\r\n<ul>\r\n<li>Este video explica <a href=\"https:\/\/www.youtube.com\/watch?v=f8L7kLCVhkA&amp;list=PLWsyecgoIiMGWuxyqLqVR3du-JjVabXqb&amp;index=3\">qu\u00e9 es un poder notarial y c\u00f3mopuede ayudar a las personas<\/a><\/li>\r\n<\/ul>\r\n<p><em>Beneficios de Seguro Social<\/em><\/p>\r\n<ul>\r\n<li><a href=\"https:\/\/lawestmi.org\/wp-content\/uploads\/2021\/04\/Soc-Security-client-1-pager.pdf\">\u00bfSeguro Social \u2013 problemas con beneficios?<\/a><\/li>\r\n<li>Mas informaci\u00f3n: vista <a href=\"https:\/\/www.ssa.gov\/\">el pagina de web de Seguro Social Administraci\u00f3n<\/a><\/li>\r\n<\/ul>\r\n<p><em>Los Pr\u00e9stamos Estudiantes<\/em><\/p>\r\n<ul>\r\n<li>Pr\u00e9stamos Federales para Estudiantes &#8211; <a href=\"https:\/\/studentaid.gov\/es\/manage-loans\/forgiveness-cancellation\/debt-relief-info\">Preguntas frecuentes sobre el alivio de la deuda<\/a><\/li>\r\n<\/ul>\r\n<p><span style=\"color: #ff6600;\"><strong>OTROS RECURSOS<\/strong><\/span><\/p>\r\n<p>S\u00edguenos en redes sociales para noticias y recursos diario:<\/p>\r\n<ul class=\"sxc-follow-buttons\"><li class=\"sxc-follow-button\">\n                        <a\n                            href=\"https:\/\/www.facebook.com\/LegalAidofWesternMichigan\/\"\n                            \n                            title=\"Facebook\"\n                            target=\"_blank\"\n                        >\n                            <img decoding=\"async\"\n                                src=\"https:\/\/lawestmi.org\/wp-content\/plugins\/social-media-buttons-toolbar\/inc\/img\/social-media-icons\/facebook.png\"\n                                alt=\"Facebook\"\n                            \/>\n                        <\/a>\n                    <\/li><li class=\"sxc-follow-button\">\n                        <a\n                            href=\"https:\/\/x.com\/LegalAidWM\"\n                            \n                            title=\"Twitter\"\n                            target=\"_blank\"\n                        >\n                            <img decoding=\"async\"\n                                src=\"https:\/\/lawestmi.org\/wp-content\/plugins\/social-media-buttons-toolbar\/inc\/img\/social-media-icons\/twitter.png\"\n                                alt=\"Twitter\"\n                            \/>\n                        <\/a>\n                    <\/li><li class=\"sxc-follow-button\">\n                        <a\n                            href=\"https:\/\/www.instagram.com\/legalaidofwesternmichigan\/\"\n                            \n                            title=\"Instagram\"\n                            target=\"_blank\"\n                        >\n                            <img decoding=\"async\"\n                                src=\"https:\/\/lawestmi.org\/wp-content\/plugins\/social-media-buttons-toolbar\/inc\/img\/social-media-icons\/instagram.png\"\n                                alt=\"Instagram\"\n                            \/>\n                        <\/a>\n                    <\/li><li class=\"sxc-follow-button\">\n                        <a\n                            href=\"https:\/\/www.youtube.com\/user\/LegalAidWM\"\n                            \n                            title=\"YouTube\"\n                            target=\"_blank\"\n                        >\n                            <img decoding=\"async\"\n                                src=\"https:\/\/lawestmi.org\/wp-content\/plugins\/social-media-buttons-toolbar\/inc\/img\/social-media-icons\/youtube.png\"\n                                alt=\"YouTube\"\n                            \/>\n                        <\/a>\n                    <\/li><li class=\"sxc-follow-button\">\n                        <a\n                            href=\"https:\/\/www.linkedin.com\/company\/legal-aid-of-western-michigan\"\n                            \n                            title=\"LinkedIn\"\n                            target=\"_blank\"\n                        >\n                            <img decoding=\"async\"\n                                src=\"https:\/\/lawestmi.org\/wp-content\/plugins\/social-media-buttons-toolbar\/inc\/img\/social-media-icons\/linkedin.png\"\n                                alt=\"LinkedIn\"\n                            \/>\n                        <\/a>\n                    <\/li><\/ul>","protected":false},"excerpt":{"rendered":"<p>APLICANDO POR AYUDA LEGAL Ll\u00e1manos o aplica por pagina de web a cualquier hora. MichiganLegalHelp.org&#8230;<\/p>\n","protected":false},"author":4,"featured_media":17440,"parent":0,"menu_order":18,"comment_status":"closed","ping_status":"closed","template":"","meta":{"footnotes":""},"class_list":["post-2162","page","type-page","status-publish","has-post-thumbnail","hentry"],"yoast_head":"<!-- This site is optimized with the Yoast SEO plugin v27.4 - https:\/\/yoast.com\/product\/yoast-seo-wordpress\/ -->\n<title>Informaci\u00f3nes legales - Legal Aid<\/title>\n<meta name=\"robots\" content=\"index, follow, max-snippet:-1, max-image-preview:large, max-video-preview:-1\" \/>\n<link rel=\"canonical\" href=\"https:\/\/lawestmi.org\/es\/info\/\" \/>\n<meta property=\"og:locale\" content=\"es_ES\" \/>\n<meta property=\"og:type\" content=\"article\" \/>\n<meta property=\"og:title\" content=\"Informaci\u00f3nes legales - Legal Aid\" \/>\n<meta property=\"og:description\" content=\"APLICANDO POR AYUDA LEGAL Ll\u00e1manos o aplica por pagina de web a cualquier hora. MichiganLegalHelp.org...\" \/>\n<meta property=\"og:url\" content=\"https:\/\/lawestmi.org\/es\/info\/\" \/>\n<meta property=\"og:site_name\" content=\"Legal Aid\" \/>\n<meta property=\"article:modified_time\" content=\"2025-07-22T15:43:30+00:00\" \/>\n<meta property=\"og:image\" content=\"https:\/\/lawestmi.org\/wp-content\/uploads\/2021\/07\/pexels-janko-ferlic-590493-scaled.jpg\" \/>\n\t<meta property=\"og:image:width\" content=\"2560\" \/>\n\t<meta property=\"og:image:height\" content=\"2366\" \/>\n\t<meta property=\"og:image:type\" content=\"image\/jpeg\" \/>\n<meta name=\"twitter:card\" content=\"summary_large_image\" \/>\n<meta name=\"twitter:label1\" content=\"Tiempo de lectura\" \/>\n\t<meta name=\"twitter:data1\" content=\"2 minutos\" \/>\n<script type=\"application\/ld+json\" class=\"yoast-schema-graph\">{\"@context\":\"https:\\\/\\\/schema.org\",\"@graph\":[{\"@type\":\"WebPage\",\"@id\":\"https:\\\/\\\/lawestmi.org\\\/es\\\/info\\\/\",\"url\":\"https:\\\/\\\/lawestmi.org\\\/es\\\/info\\\/\",\"name\":\"Informaci\u00f3nes legales - Legal Aid\",\"isPartOf\":{\"@id\":\"https:\\\/\\\/lawestmi.org\\\/es\\\/#website\"},\"primaryImageOfPage\":{\"@id\":\"https:\\\/\\\/lawestmi.org\\\/es\\\/info\\\/#primaryimage\"},\"image\":{\"@id\":\"https:\\\/\\\/lawestmi.org\\\/es\\\/info\\\/#primaryimage\"},\"thumbnailUrl\":\"https:\\\/\\\/lawestmi.org\\\/wp-content\\\/uploads\\\/2021\\\/07\\\/pexels-janko-ferlic-590493-scaled.jpg\",\"datePublished\":\"2020-04-16T18:44:07+00:00\",\"dateModified\":\"2025-07-22T15:43:30+00:00\",\"inLanguage\":\"es\",\"potentialAction\":[{\"@type\":\"ReadAction\",\"target\":[\"https:\\\/\\\/lawestmi.org\\\/es\\\/info\\\/\"]}]},{\"@type\":\"ImageObject\",\"inLanguage\":\"es\",\"@id\":\"https:\\\/\\\/lawestmi.org\\\/es\\\/info\\\/#primaryimage\",\"url\":\"https:\\\/\\\/lawestmi.org\\\/wp-content\\\/uploads\\\/2021\\\/07\\\/pexels-janko-ferlic-590493-scaled.jpg\",\"contentUrl\":\"https:\\\/\\\/lawestmi.org\\\/wp-content\\\/uploads\\\/2021\\\/07\\\/pexels-janko-ferlic-590493-scaled.jpg\",\"width\":2560,\"height\":2366},{\"@type\":\"WebSite\",\"@id\":\"https:\\\/\\\/lawestmi.org\\\/es\\\/#website\",\"url\":\"https:\\\/\\\/lawestmi.org\\\/es\\\/\",\"name\":\"Legal Aid\",\"description\":\"LEGAL AID OF WESTERN MICHIGAN\",\"potentialAction\":[{\"@type\":\"SearchAction\",\"target\":{\"@type\":\"EntryPoint\",\"urlTemplate\":\"https:\\\/\\\/lawestmi.org\\\/es\\\/?s={search_term_string}\"},\"query-input\":{\"@type\":\"PropertyValueSpecification\",\"valueRequired\":true,\"valueName\":\"search_term_string\"}}],\"inLanguage\":\"es\"}]}<\/script>\n<!-- \/ Yoast SEO plugin. -->","yoast_head_json":{"title":"Informaci\u00f3nes legales - Legal Aid","robots":{"index":"index","follow":"follow","max-snippet":"max-snippet:-1","max-image-preview":"max-image-preview:large","max-video-preview":"max-video-preview:-1"},"canonical":"https:\/\/lawestmi.org\/es\/info\/","og_locale":"es_ES","og_type":"article","og_title":"Informaci\u00f3nes legales - Legal Aid","og_description":"APLICANDO POR AYUDA LEGAL Ll\u00e1manos o aplica por pagina de web a cualquier hora. MichiganLegalHelp.org...","og_url":"https:\/\/lawestmi.org\/es\/info\/","og_site_name":"Legal Aid","article_modified_time":"2025-07-22T15:43:30+00:00","og_image":[{"width":2560,"height":2366,"url":"https:\/\/lawestmi.org\/wp-content\/uploads\/2021\/07\/pexels-janko-ferlic-590493-scaled.jpg","type":"image\/jpeg"}],"twitter_card":"summary_large_image","twitter_misc":{"Tiempo de lectura":"2 minutos"},"schema":{"@context":"https:\/\/schema.org","@graph":[{"@type":"WebPage","@id":"https:\/\/lawestmi.org\/es\/info\/","url":"https:\/\/lawestmi.org\/es\/info\/","name":"Informaci\u00f3nes legales - Legal Aid","isPartOf":{"@id":"https:\/\/lawestmi.org\/es\/#website"},"primaryImageOfPage":{"@id":"https:\/\/lawestmi.org\/es\/info\/#primaryimage"},"image":{"@id":"https:\/\/lawestmi.org\/es\/info\/#primaryimage"},"thumbnailUrl":"https:\/\/lawestmi.org\/wp-content\/uploads\/2021\/07\/pexels-janko-ferlic-590493-scaled.jpg","datePublished":"2020-04-16T18:44:07+00:00","dateModified":"2025-07-22T15:43:30+00:00","inLanguage":"es","potentialAction":[{"@type":"ReadAction","target":["https:\/\/lawestmi.org\/es\/info\/"]}]},{"@type":"ImageObject","inLanguage":"es","@id":"https:\/\/lawestmi.org\/es\/info\/#primaryimage","url":"https:\/\/lawestmi.org\/wp-content\/uploads\/2021\/07\/pexels-janko-ferlic-590493-scaled.jpg","contentUrl":"https:\/\/lawestmi.org\/wp-content\/uploads\/2021\/07\/pexels-janko-ferlic-590493-scaled.jpg","width":2560,"height":2366},{"@type":"WebSite","@id":"https:\/\/lawestmi.org\/es\/#website","url":"https:\/\/lawestmi.org\/es\/","name":"Legal Aid","description":"LEGAL AID OF WESTERN MICHIGAN","potentialAction":[{"@type":"SearchAction","target":{"@type":"EntryPoint","urlTemplate":"https:\/\/lawestmi.org\/es\/?s={search_term_string}"},"query-input":{"@type":"PropertyValueSpecification","valueRequired":true,"valueName":"search_term_string"}}],"inLanguage":"es"}]}},"_links":{"self":[{"href":"https:\/\/lawestmi.org\/es\/wp-json\/wp\/v2\/pages\/2162","targetHints":{"allow":["GET"]}}],"collection":[{"href":"https:\/\/lawestmi.org\/es\/wp-json\/wp\/v2\/pages"}],"about":[{"href":"https:\/\/lawestmi.org\/es\/wp-json\/wp\/v2\/types\/page"}],"author":[{"embeddable":true,"href":"https:\/\/lawestmi.org\/es\/wp-json\/wp\/v2\/users\/4"}],"replies":[{"embeddable":true,"href":"https:\/\/lawestmi.org\/es\/wp-json\/wp\/v2\/comments?post=2162"}],"version-history":[{"count":161,"href":"https:\/\/lawestmi.org\/es\/wp-json\/wp\/v2\/pages\/2162\/revisions"}],"predecessor-version":[{"id":31946,"href":"https:\/\/lawestmi.org\/es\/wp-json\/wp\/v2\/pages\/2162\/revisions\/31946"}],"wp:featuredmedia":[{"embeddable":true,"href":"https:\/\/lawestmi.org\/es\/wp-json\/wp\/v2\/media\/17440"}],"wp:attachment":[{"href":"https:\/\/lawestmi.org\/es\/wp-json\/wp\/v2\/media?parent=2162"}],"curies":[{"name":"wp","href":"https:\/\/api.w.org\/{rel}","templated":true}]}}